{"id":79,"date":"2020-11-08T14:02:43","date_gmt":"2020-11-08T14:02:43","guid":{"rendered":"http:\/\/brandmannenskamratforening.se\/?page_id=79"},"modified":"2020-11-28T16:28:43","modified_gmt":"2020-11-28T16:28:43","slug":"lankar","status":"publish","type":"page","link":"https:\/\/brandmannenskamratforening.se\/index.php\/lankar\/","title":{"rendered":"L\u00e4nkar"},"content":{"rendered":"\t\t<div data-elementor-type=\"wp-page\" data-elementor-id=\"79\" class=\"elementor elementor-79\" data-elementor-settings=\"[]\">\n\t\t\t\t\t\t<div class=\"elementor-inner\">\n\t\t\t\t\t\t\t<div class=\"elementor-section-wrap\">\n\t\t\t\t\t\t\t<section class=\"elementor-section elementor-top-section elementor-element elementor-element-bc14ecf elementor-section-boxed elementor-section-height-default elementor-section-height-default\" data-id=\"bc14ecf\" data-element_type=\"section\">\n\t\t\t\t\t\t<div class=\"elementor-container elementor-column-gap-default\">\n\t\t\t\t\t\t\t<div class=\"elementor-row\">\n\t\t\t\t\t<div class=\"elementor-column elementor-col-50 elementor-top-column elementor-element elementor-element-bf8c5ae\" data-id=\"bf8c5ae\" data-element_type=\"column\">\n\t\t\t<div class=\"elementor-column-wrap elementor-element-populated\">\n\t\t\t\t\t\t\t<div class=\"elementor-widget-wrap\">\n\t\t\t\t\t\t<div class=\"elementor-element elementor-element-8196e50 elementor-widget elementor-widget-heading\" data-id=\"8196e50\" data-element_type=\"widget\" data-widget_type=\"heading.default\">\n\t\t\t\t<div class=\"elementor-widget-container\">\n\t\t\t<h2 class=\"elementor-heading-title elementor-size-default\">L\u00e4nkar<\/h2>\t\t<\/div>\n\t\t\t\t<\/div>\n\t\t\t\t<div class=\"elementor-element elementor-element-19dc8e4 elementor-widget elementor-widget-text-editor\" data-id=\"19dc8e4\" data-element_type=\"widget\" data-widget_type=\"text-editor.default\">\n\t\t\t\t<div class=\"elementor-widget-container\">\n\t\t\t\t\t<div class=\"elementor-text-editor elementor-clearfix\"><p><a href=\"https:\/\/www.msb.se\/\">Myndigheten f\u00f6r samh\u00e4llsskydd och beredskap<\/a><\/p><\/div>\n\t\t\t\t<\/div>\n\t\t\t\t<\/div>\n\t\t\t\t<div class=\"elementor-element elementor-element-e53c11c elementor-widget elementor-widget-text-editor\" data-id=\"e53c11c\" data-element_type=\"widget\" data-widget_type=\"text-editor.default\">\n\t\t\t\t<div class=\"elementor-widget-container\">\n\t\t\t\t\t<div class=\"elementor-text-editor elementor-clearfix\"><p><a title=\"Brandskyddsf\u00f6reningen Sverige\" href=\"https:\/\/www.brandskyddsforeningen.se\/\" target=\"_blank\" rel=\"noopener\">Brandskyddsf\u00f6reningen Sverige<\/a><\/p><\/div>\n\t\t\t\t<\/div>\n\t\t\t\t<\/div>\n\t\t\t\t<div class=\"elementor-element elementor-element-57ca4d4 elementor-widget elementor-widget-text-editor\" data-id=\"57ca4d4\" data-element_type=\"widget\" data-widget_type=\"text-editor.default\">\n\t\t\t\t<div class=\"elementor-widget-container\">\n\t\t\t\t\t<div class=\"elementor-text-editor elementor-clearfix\"><p><a title=\"Firegear\" href=\"http:\/\/firegear.se\/\" target=\"_blank\" rel=\"noopener\">Firegear<\/a><\/p><\/div>\n\t\t\t\t<\/div>\n\t\t\t\t<\/div>\n\t\t\t\t<div class=\"elementor-element elementor-element-837082e elementor-widget elementor-widget-text-editor\" data-id=\"837082e\" data-element_type=\"widget\" data-widget_type=\"text-editor.default\">\n\t\t\t\t<div class=\"elementor-widget-container\">\n\t\t\t\t\t<div class=\"elementor-text-editor elementor-clearfix\"><p><a title=\"Brandskyddsf\u00f6reningen Sverige\" href=\"https:\/\/www.utkiken.net\/\" target=\"_blank\" rel=\"noopener\">Utkiken<\/a><\/p><\/div>\n\t\t\t\t<\/div>\n\t\t\t\t<\/div>\n\t\t\t\t<div class=\"elementor-element elementor-element-8c0175a elementor-widget elementor-widget-text-editor\" data-id=\"8c0175a\" data-element_type=\"widget\" data-widget_type=\"text-editor.default\">\n\t\t\t\t<div class=\"elementor-widget-container\">\n\t\t\t\t\t<div class=\"elementor-text-editor elementor-clearfix\"><p><a title=\"F\u00f6rbundet Sveriges Ungdomsbrandk\u00e5rer\" href=\"http:\/\/ungdomsbrand.se\/\" target=\"_blank\" rel=\"noopener\">F\u00f6rbundet Sveriges Ungdomsbrandk\u00e5rer<\/a><\/p><\/div>\n\t\t\t\t<\/div>\n\t\t\t\t<\/div>\n\t\t\t\t<div class=\"elementor-element elementor-element-59a0818 elementor-widget elementor-widget-text-editor\" data-id=\"59a0818\" data-element_type=\"widget\" data-widget_type=\"text-editor.default\">\n\t\t\t\t<div class=\"elementor-widget-container\">\n\t\t\t\t\t<div class=\"elementor-text-editor elementor-clearfix\"><p><a title=\"Svenska Brand och R\u00e4ddningstj\u00e4nstens idrottsf\u00f6rbund\" href=\"http:\/\/www.brandsm.se\/\" target=\"_blank\" rel=\"noopener\">Svenska Brand och R\u00e4ddningstj\u00e4nstens idrottsf\u00f6rbund<\/a><\/p><\/div>\n\t\t\t\t<\/div>\n\t\t\t\t<\/div>\n\t\t\t\t\t\t<\/div>\n\t\t\t\t\t<\/div>\n\t\t<\/div>\n\t\t\t\t<div class=\"elementor-column elementor-col-50 elementor-top-column elementor-element elementor-element-eb2e50e\" data-id=\"eb2e50e\" data-element_type=\"column\">\n\t\t\t<div class=\"elementor-column-wrap elementor-element-populated\">\n\t\t\t\t\t\t\t<div class=\"elementor-widget-wrap\">\n\t\t\t\t\t\t<div class=\"elementor-element elementor-element-d47bce4 elementor-widget elementor-widget-image\" data-id=\"d47bce4\" data-element_type=\"widget\" data-widget_type=\"image.default\">\n\t\t\t\t<div class=\"elementor-widget-container\">\n\t\t\t\t\t<div class=\"elementor-image\">\n\t\t\t\t\t\t\t\t\t\t<img decoding=\"async\" src=\"https:\/\/brandmannenskamratforening.se\/wp-content\/uploads\/2020\/11\/pexels-pixabay-260367-scaled.jpg\" title=\"pexels-pixabay-260367\" alt=\"pexels-pixabay-260367\" \/>\t\t\t\t\t\t\t\t\t\t\t<\/div>\n\t\t\t\t<\/div>\n\t\t\t\t<\/div>\n\t\t\t\t\t\t<\/div>\n\t\t\t\t\t<\/div>\n\t\t<\/div>\n\t\t\t\t\t\t\t\t<\/div>\n\t\t\t\t\t<\/div>\n\t\t<\/section>\n\t\t\t\t\t\t<\/div>\n\t\t\t\t\t\t<\/div>\n\t\t\t\t\t<\/div>\n\t\t","protected":false},"excerpt":{"rendered":"<p>L\u00e4nkar Myndigheten f\u00f6r samh\u00e4llsskydd och beredskap Brandskyddsf\u00f6reningen Sverige Firegear Utkiken F\u00f6rbundet Sveriges Ungdomsbrandk\u00e5rer Svenska Brand och R\u00e4ddningstj\u00e4nstens idrottsf\u00f6rbund<\/p>\n","protected":false},"author":1,"featured_media":0,"parent":0,"menu_order":0,"comment_status":"closed","ping_status":"closed","template":"","meta":{"footnotes":""},"class_list":["post-79","page","type-page","status-publish","hentry"],"jetpack_sharing_enabled":true,"_links":{"self":[{"href":"https:\/\/brandmannenskamratforening.se\/index.php\/wp-json\/wp\/v2\/pages\/79","targetHints":{"allow":["GET"]}}],"collection":[{"href":"https:\/\/brandmannenskamratforening.se\/index.php\/wp-json\/wp\/v2\/pages"}],"about":[{"href":"https:\/\/brandmannenskamratforening.se\/index.php\/wp-json\/wp\/v2\/types\/page"}],"author":[{"embeddable":true,"href":"https:\/\/brandmannenskamratforening.se\/index.php\/wp-json\/wp\/v2\/users\/1"}],"replies":[{"embeddable":true,"href":"https:\/\/brandmannenskamratforening.se\/index.php\/wp-json\/wp\/v2\/comments?post=79"}],"version-history":[{"count":19,"href":"https:\/\/brandmannenskamratforening.se\/index.php\/wp-json\/wp\/v2\/pages\/79\/revisions"}],"predecessor-version":[{"id":803,"href":"https:\/\/brandmannenskamratforening.se\/index.php\/wp-json\/wp\/v2\/pages\/79\/revisions\/803"}],"wp:attachment":[{"href":"https:\/\/brandmannenskamratforening.se\/index.php\/wp-json\/wp\/v2\/media?parent=79"}],"curies":[{"name":"wp","href":"https:\/\/api.w.org\/{rel}","templated":true}]}}